{"id":94,"date":"2019-12-19T20:51:29","date_gmt":"2019-12-19T20:51:29","guid":{"rendered":"https:\/\/safplusconsortium.com\/fr\/?page_id=94"},"modified":"2023-08-29T07:16:03","modified_gmt":"2023-08-29T07:16:03","slug":"faq","status":"publish","type":"page","link":"https:\/\/safplusconsortium.com\/fr\/faq\/","title":{"rendered":"FAQ"},"content":{"rendered":"\t\t<div data-elementor-type=\"wp-page\" data-elementor-id=\"94\" class=\"elementor elementor-94\" data-elementor-post-type=\"page\">\n\t\t\t\t\t\t<div class=\"elementor-inner\">\n\t\t\t\t<div class=\"elementor-section-wrap\">\n\t\t\t\t\t\t\t\t\t<section class=\"elementor-section elementor-top-section elementor-element elementor-element-ec4e0ce elementor-section-content-middle elementor-section-stretched elementor-section-boxed elementor-section-height-default elementor-section-height-default\" data-id=\"ec4e0ce\" data-element_type=\"section\" data-settings=\"{&quot;background_background&quot;:&quot;classic&quot;,&quot;stretch_section&quot;:&quot;section-stretched&quot;}\">\n\t\t\t\t\t\t<div class=\"elementor-container elementor-column-gap-extended\">\n\t\t\t\t\t\t\t<div class=\"elementor-row\">\n\t\t\t\t\t<div class=\"elementor-column elementor-col-100 elementor-top-column elementor-element elementor-element-655e0f7\" data-id=\"655e0f7\" data-element_type=\"column\">\n\t\t\t<div class=\"elementor-column-wrap elementor-element-populated\">\n\t\t\t\t\t\t\t<div class=\"elementor-widget-wrap\">\n\t\t\t\t\t\t<div class=\"elementor-element elementor-element-56c139b elementor-widget elementor-widget-heading\" data-id=\"56c139b\" data-element_type=\"widget\" data-widget_type=\"heading.default\">\n\t\t\t\t<div class=\"elementor-widget-container\">\n\t\t\t<h3 class=\"elementor-heading-title elementor-size-default\">Questions-r\u00e9ponses<\/h3>\t\t<\/div>\n\t\t\t\t<\/div>\n\t\t\t\t<div class=\"elementor-element elementor-element-5967067 elementor-widget-divider--view-line elementor-widget elementor-widget-divider\" data-id=\"5967067\" data-element_type=\"widget\" data-widget_type=\"divider.default\">\n\t\t\t\t<div class=\"elementor-widget-container\">\n\t\t\t\t\t<div class=\"elementor-divider\">\n\t\t\t<span class=\"elementor-divider-separator\">\n\t\t\t\t\t\t<\/span>\n\t\t<\/div>\n\t\t\t\t<\/div>\n\t\t\t\t<\/div>\n\t\t\t\t\t\t<\/div>\n\t\t\t\t\t<\/div>\n\t\t<\/div>\n\t\t\t\t\t\t\t\t<\/div>\n\t\t\t\t\t<\/div>\n\t\t<\/section>\n\t\t\t\t<section class=\"elementor-section elementor-top-section elementor-element elementor-element-b83b41e elementor-section-boxed elementor-section-height-default elementor-section-height-default\" data-id=\"b83b41e\" data-element_type=\"section\">\n\t\t\t\t\t\t<div class=\"elementor-container elementor-column-gap-default\">\n\t\t\t\t\t\t\t<div class=\"elementor-row\">\n\t\t\t\t\t<div class=\"elementor-column elementor-col-100 elementor-top-column elementor-element elementor-element-5f9cb4b\" data-id=\"5f9cb4b\" data-element_type=\"column\">\n\t\t\t<div class=\"elementor-column-wrap elementor-element-populated\">\n\t\t\t\t\t\t\t<div class=\"elementor-widget-wrap\">\n\t\t\t\t\t\t<div class=\"elementor-element elementor-element-b97c66b elementor-widget elementor-widget-accordion\" data-id=\"b97c66b\" data-element_type=\"widget\" data-widget_type=\"accordion.default\">\n\t\t\t\t<div class=\"elementor-widget-container\">\n\t\t\t\t\t<div class=\"elementor-accordion\">\n\t\t\t\t\t\t\t<div class=\"elementor-accordion-item\">\n\t\t\t\t\t<div id=\"elementor-tab-title-1941\" class=\"elementor-tab-title\" data-tab=\"1\" role=\"button\" aria-controls=\"elementor-tab-content-1941\" aria-expanded=\"false\">\n\t\t\t\t\t\t\t\t\t\t\t\t\t<span class=\"elementor-accordion-icon elementor-accordion-icon-left\" aria-hidden=\"true\">\n\t\t\t\t\t\t\t\t\t\t\t\t\t\t\t<span class=\"elementor-accordion-icon-closed\"><i class=\"fas fa-plus\"><\/i><\/span>\n\t\t\t\t\t\t\t\t<span class=\"elementor-accordion-icon-opened\"><i class=\"fas fa-minus\"><\/i><\/span>\n\t\t\t\t\t\t\t\t\t\t\t\t\t\t<\/span>\n\t\t\t\t\t\t\t\t\t\t\t\t<a class=\"elementor-accordion-title\" tabindex=\"0\">Qu'est-ce qu'on sous-entend par \"carburant durable\"?<\/a>\n\t\t\t\t\t<\/div>\n\t\t\t\t\t<div id=\"elementor-tab-content-1941\" class=\"elementor-tab-content elementor-clearfix\" data-tab=\"1\" role=\"region\" aria-labelledby=\"elementor-tab-title-1941\"><p>En g\u00e9n\u00e9ral, l&rsquo;industrie de l&rsquo;aviation utilise le terme pour d\u00e9signer un carbur\u00e9acteur d\u00e9riv\u00e9 d&rsquo;une source autre que le p\u00e9trole. Plus pr\u00e9cis\u00e9ment, CAAFI et la communaut\u00e9 des carbur\u00e9acteurs de remplacement l\u2019utilisent pour d\u00e9signer un carburant produit conform\u00e9ment aux exigences de la norme ASTM D7566. Il peut comprendre des carbur\u00e9acteurs de remplacement produits \u00e0 partir d&rsquo;une vaste gamme de sources d&rsquo;hydrocarbures (mati\u00e8res premi\u00e8res) en utilisant une vaste gamme de proc\u00e9d\u00e9s de conversion. Il d\u00e9signe parfois des carburants comme des carburants synth\u00e9tiques, c&rsquo;est-\u00e0-dire des carburants produits \u00e0 partir de sources autres que le p\u00e9trole par des proc\u00e9d\u00e9s biochimiques ou thermochimiques.<\/p><p>Traduit de: Commercial Aviation Alternative Fuels Initiative, <br \/><a href=\"http:\/\/www.caafi.org\/resources\/faq.html\">http:\/\/www.caafi.org\/resources\/faq.html<\/a><\/p><\/div>\n\t\t\t\t<\/div>\n\t\t\t\t\t\t\t<div class=\"elementor-accordion-item\">\n\t\t\t\t\t<div id=\"elementor-tab-title-1942\" class=\"elementor-tab-title\" data-tab=\"2\" role=\"button\" aria-controls=\"elementor-tab-content-1942\" aria-expanded=\"false\">\n\t\t\t\t\t\t\t\t\t\t\t\t\t<span class=\"elementor-accordion-icon elementor-accordion-icon-left\" aria-hidden=\"true\">\n\t\t\t\t\t\t\t\t\t\t\t\t\t\t\t<span class=\"elementor-accordion-icon-closed\"><i class=\"fas fa-plus\"><\/i><\/span>\n\t\t\t\t\t\t\t\t<span class=\"elementor-accordion-icon-opened\"><i class=\"fas fa-minus\"><\/i><\/span>\n\t\t\t\t\t\t\t\t\t\t\t\t\t\t<\/span>\n\t\t\t\t\t\t\t\t\t\t\t\t<a class=\"elementor-accordion-title\" tabindex=\"0\">Quelle est la diff\u00e9rence entre un carburant de remplacement et un carbur\u00e9acteur de remplacement?<\/a>\n\t\t\t\t\t<\/div>\n\t\t\t\t\t<div id=\"elementor-tab-content-1942\" class=\"elementor-tab-content elementor-clearfix\" data-tab=\"2\" role=\"region\" aria-labelledby=\"elementor-tab-title-1942\"><p>Un carburant de remplacement peut d\u00e9signer tout carburant g\u00e9n\u00e9rique d\u00e9riv\u00e9 d&rsquo;une source autre que le p\u00e9trole. Il pourrait comprendre le gaz naturel comprim\u00e9, le gaz naturel liqu\u00e9fi\u00e9, l&rsquo;hydrog\u00e8ne, les alcools, le biodiesel, etc. Toutefois, aucun de ces carburants ne convient \u00e0 l&rsquo;aviation \u00e0 r\u00e9action, que ce soit les mod\u00e8les actuels ou ceux en cours de d\u00e9veloppement. La communaut\u00e9 de l&rsquo;aviation a besoin de carbur\u00e9acteur pour assurer la s\u00e9curit\u00e9 et l&rsquo;efficacit\u00e9 de ses op\u00e9rations, qu&rsquo;il soit produit \u00e0 partir du p\u00e9trole ou de sources autres que le p\u00e9trole.<\/p><p>Traduit de: Commercial Aviation Alternative Fuels Initiative, <br \/><a href=\"http:\/\/www.caafi.org\/resources\/faq.html\">http:\/\/www.caafi.org\/resources\/faq.html<\/a><\/p><\/div>\n\t\t\t\t<\/div>\n\t\t\t\t\t\t\t<div class=\"elementor-accordion-item\">\n\t\t\t\t\t<div id=\"elementor-tab-title-1943\" class=\"elementor-tab-title\" data-tab=\"3\" role=\"button\" aria-controls=\"elementor-tab-content-1943\" aria-expanded=\"false\">\n\t\t\t\t\t\t\t\t\t\t\t\t\t<span class=\"elementor-accordion-icon elementor-accordion-icon-left\" aria-hidden=\"true\">\n\t\t\t\t\t\t\t\t\t\t\t\t\t\t\t<span class=\"elementor-accordion-icon-closed\"><i class=\"fas fa-plus\"><\/i><\/span>\n\t\t\t\t\t\t\t\t<span class=\"elementor-accordion-icon-opened\"><i class=\"fas fa-minus\"><\/i><\/span>\n\t\t\t\t\t\t\t\t\t\t\t\t\t\t<\/span>\n\t\t\t\t\t\t\t\t\t\t\t\t<a class=\"elementor-accordion-title\" tabindex=\"0\">Qu\u2019est-ce qu\u2019un carbur\u00e9acteur de substitution? <\/a>\n\t\t\t\t\t<\/div>\n\t\t\t\t\t<div id=\"elementor-tab-content-1943\" class=\"elementor-tab-content elementor-clearfix\" data-tab=\"3\" role=\"region\" aria-labelledby=\"elementor-tab-title-1943\"><p style=\"text-align: left\">Oui, le carbur\u00e9acteur SAF+ devrait \u00eatre vendu en m\u00e9lange \u00e0 50 % (m %) avec du carbur\u00e9acteur classique et constituera une solution de rechange au JET A-1. Le carbur\u00e9acteur SAF+ n&rsquo;aura pas besoin d&rsquo;\u00eatre nouvellement approuv\u00e9, ni les m\u00e9langes de carbur\u00e9acteur qui le contiennent, car il fait partie de la famille du k\u00e9ros\u00e8ne paraffinique synth\u00e9tis\u00e9 hydrotrait\u00e9 (FT-SPK) de Fischer-Tropsch, le premier \u00e0 avoir satisfait avec succ\u00e8s aux normes ASTM 7566 et \u00e0 \u00eatre approuv\u00e9 pour une utilisation jusqu&rsquo;\u00e0 50 % avec du carbur\u00e9acteur conventionnel.<\/p><p>Traduit de: Commercial Aviation Alternative Fuels Initiative,<br \/><a href=\"http:\/\/www.caafi.org\/resources\/faq.html\">http:\/\/www.caafi.org\/resources\/faq.html<\/a><\/p><\/div>\n\t\t\t\t<\/div>\n\t\t\t\t\t\t\t<div class=\"elementor-accordion-item\">\n\t\t\t\t\t<div id=\"elementor-tab-title-1944\" class=\"elementor-tab-title\" data-tab=\"4\" role=\"button\" aria-controls=\"elementor-tab-content-1944\" aria-expanded=\"false\">\n\t\t\t\t\t\t\t\t\t\t\t\t\t<span class=\"elementor-accordion-icon elementor-accordion-icon-left\" aria-hidden=\"true\">\n\t\t\t\t\t\t\t\t\t\t\t\t\t\t\t<span class=\"elementor-accordion-icon-closed\"><i class=\"fas fa-plus\"><\/i><\/span>\n\t\t\t\t\t\t\t\t<span class=\"elementor-accordion-icon-opened\"><i class=\"fas fa-minus\"><\/i><\/span>\n\t\t\t\t\t\t\t\t\t\t\t\t\t\t<\/span>\n\t\t\t\t\t\t\t\t\t\t\t\t<a class=\"elementor-accordion-title\" tabindex=\"0\">Est-ce que le SAF+ est un carbur\u00e9acteur de substitution? <\/a>\n\t\t\t\t\t<\/div>\n\t\t\t\t\t<div id=\"elementor-tab-content-1944\" class=\"elementor-tab-content elementor-clearfix\" data-tab=\"4\" role=\"region\" aria-labelledby=\"elementor-tab-title-1944\"><p>Oui, le carbur\u00e9acteur SAF+ devrait \u00eatre vendu en m\u00e9lange \u00e0 50 % (m %) avec du carbur\u00e9acteur classique et constituera une solution de rechange au JET A-1. Le carbur\u00e9acteur SAF+ n&rsquo;aura pas besoin d&rsquo;\u00eatre nouvellement approuv\u00e9, ni les m\u00e9langes de carbur\u00e9acteur qui le contiennent, car il fait partie de la famille du k\u00e9ros\u00e8ne paraffinique synth\u00e9tis\u00e9 hydrotrait\u00e9 (FT-SPK) de Fischer-Tropsch, le premier \u00e0 avoir satisfait avec succ\u00e8s aux normes ASTM 7566 et \u00e0 \u00eatre approuv\u00e9 pour une utilisation jusqu&rsquo;\u00e0 50 % avec du carbur\u00e9acteur conventionnel.<\/p><\/div>\n\t\t\t\t<\/div>\n\t\t\t\t\t\t\t<div class=\"elementor-accordion-item\">\n\t\t\t\t\t<div id=\"elementor-tab-title-1945\" class=\"elementor-tab-title\" data-tab=\"5\" role=\"button\" aria-controls=\"elementor-tab-content-1945\" aria-expanded=\"false\">\n\t\t\t\t\t\t\t\t\t\t\t\t\t<span class=\"elementor-accordion-icon elementor-accordion-icon-left\" aria-hidden=\"true\">\n\t\t\t\t\t\t\t\t\t\t\t\t\t\t\t<span class=\"elementor-accordion-icon-closed\"><i class=\"fas fa-plus\"><\/i><\/span>\n\t\t\t\t\t\t\t\t<span class=\"elementor-accordion-icon-opened\"><i class=\"fas fa-minus\"><\/i><\/span>\n\t\t\t\t\t\t\t\t\t\t\t\t\t\t<\/span>\n\t\t\t\t\t\t\t\t\t\t\t\t<a class=\"elementor-accordion-title\" tabindex=\"0\">Est-ce que les carburants de substitution (SAF) sont financi\u00e8rement viables? <\/a>\n\t\t\t\t\t<\/div>\n\t\t\t\t\t<div id=\"elementor-tab-content-1945\" class=\"elementor-tab-content elementor-clearfix\" data-tab=\"5\" role=\"region\" aria-labelledby=\"elementor-tab-title-1945\"><p>Dans la majorit\u00e9 des cas, les deux principaux obstacles au d\u00e9ploiement comprennent la disponibilit\u00e9 de capitaux pour construire l&rsquo;infrastructure initiale requise, ainsi que la disponibilit\u00e9 de mati\u00e8res premi\u00e8res et de cha\u00eenes d&rsquo;approvisionnement \u00e0 des prix raisonnables. Le CAAFI, par l&rsquo;entremise de ses membres, de ses partenaires et de ses programmes de travail, tente de faire tomber ces obstacles \u00e0 la mise en \u0153uvre. \u00c0 long terme, toutes les parties qui participent au CAAFI comprennent que le fait d&rsquo;\u00eatre le premier mode de transport \u00e0 aller de l&rsquo;avant avec les carburants de remplacement durables et sans frais contribuera \u00e0 assurer la viabilit\u00e9 \u00e9conomique et l&rsquo;acceptabilit\u00e9 environnementale de l&rsquo;aviation.<\/p><p>Traduit de: Commercial Aviation Alternative Fuels Initiative,<br \/><a href=\"http:\/\/www.caafi.org\/resources\/faq.html\">http:\/\/www.caafi.org\/resources\/faq.html<\/a><\/p><\/div>\n\t\t\t\t<\/div>\n\t\t\t\t\t\t\t<div class=\"elementor-accordion-item\">\n\t\t\t\t\t<div id=\"elementor-tab-title-1946\" class=\"elementor-tab-title\" data-tab=\"6\" role=\"button\" aria-controls=\"elementor-tab-content-1946\" aria-expanded=\"false\">\n\t\t\t\t\t\t\t\t\t\t\t\t\t<span class=\"elementor-accordion-icon elementor-accordion-icon-left\" aria-hidden=\"true\">\n\t\t\t\t\t\t\t\t\t\t\t\t\t\t\t<span class=\"elementor-accordion-icon-closed\"><i class=\"fas fa-plus\"><\/i><\/span>\n\t\t\t\t\t\t\t\t<span class=\"elementor-accordion-icon-opened\"><i class=\"fas fa-minus\"><\/i><\/span>\n\t\t\t\t\t\t\t\t\t\t\t\t\t\t<\/span>\n\t\t\t\t\t\t\t\t\t\t\t\t<a class=\"elementor-accordion-title\" tabindex=\"0\">Pourquoi cette technologie est-elle si importante pour le secteur de l'aviation ?   <\/a>\n\t\t\t\t\t<\/div>\n\t\t\t\t\t<div id=\"elementor-tab-content-1946\" class=\"elementor-tab-content elementor-clearfix\" data-tab=\"6\" role=\"region\" aria-labelledby=\"elementor-tab-title-1946\"><p>Le secteur de l&rsquo;aviation doit relever le d\u00e9fi de r\u00e9duire consid\u00e9rablement l&rsquo;intensit\u00e9 des gaz \u00e0 effet de serre des carburants d&rsquo;aviation afin de se conformer aux exigences rigoureuses et de plus en plus exigeantes de la CORSIA. En convertissant les \u00e9missions industrielles en carbur\u00e9acteur propre \u00e0 l&rsquo;arriv\u00e9e, avec une empreinte GES de 80 % inf\u00e9rieure \u00e0 celle du carbur\u00e9acteur classique en utilisant de l&rsquo;\u00e9lectricit\u00e9 renouvelable, SAF+ apporte une solution qui s&rsquo;attaque \u00e0 la fois \u00e0 la r\u00e9duction des \u00e9missions de CO2 et \u00e0 la disponibilit\u00e9 de carburant de substitution durable pour l\u2019aviation (SAF).<\/p><\/div>\n\t\t\t\t<\/div>\n\t\t\t\t\t\t\t<div class=\"elementor-accordion-item\">\n\t\t\t\t\t<div id=\"elementor-tab-title-1947\" class=\"elementor-tab-title\" data-tab=\"7\" role=\"button\" aria-controls=\"elementor-tab-content-1947\" aria-expanded=\"false\">\n\t\t\t\t\t\t\t\t\t\t\t\t\t<span class=\"elementor-accordion-icon elementor-accordion-icon-left\" aria-hidden=\"true\">\n\t\t\t\t\t\t\t\t\t\t\t\t\t\t\t<span class=\"elementor-accordion-icon-closed\"><i class=\"fas fa-plus\"><\/i><\/span>\n\t\t\t\t\t\t\t\t<span class=\"elementor-accordion-icon-opened\"><i class=\"fas fa-minus\"><\/i><\/span>\n\t\t\t\t\t\t\t\t\t\t\t\t\t\t<\/span>\n\t\t\t\t\t\t\t\t\t\t\t\t<a class=\"elementor-accordion-title\" tabindex=\"0\">Que signifie le terme\u201cPower-to-Liquids\"? <\/a>\n\t\t\t\t\t<\/div>\n\t\t\t\t\t<div id=\"elementor-tab-content-1947\" class=\"elementor-tab-content elementor-clearfix\" data-tab=\"7\" role=\"region\" aria-labelledby=\"elementor-tab-title-1947\"><p>Le proc\u00e9d\u00e9 PtL consiste \u00e0 produire un combustible liquide synth\u00e9tique en utilisant du dioxyde de carbone de l&rsquo;atmosph\u00e8re ou d&rsquo;autres sources, de l&rsquo;eau et de l&rsquo;\u00e9lectricit\u00e9 renouvelable. Dans ce proc\u00e9d\u00e9, le CO2 est m\u00e9lang\u00e9 \u00e0 l&rsquo;hydrog\u00e8ne (obtenu par \u00e9lectrolyse de l&rsquo;eau) pour produire du gaz de synth\u00e8se, qui est ensuite introduit dans un r\u00e9acteur Fischer-Tropsch o\u00f9 des combustibles liquides sont g\u00e9n\u00e9r\u00e9s par un processus de synth\u00e8se catalytique.<\/p><\/div>\n\t\t\t\t<\/div>\n\t\t\t\t\t\t\t\t<\/div>\n\t\t\t\t<\/div>\n\t\t\t\t<\/div>\n\t\t\t\t\t\t<\/div>\n\t\t\t\t\t<\/div>\n\t\t<\/div>\n\t\t\t\t\t\t\t\t<\/div>\n\t\t\t\t\t<\/div>\n\t\t<\/section>\n\t\t\t\t\t\t\t\t\t<\/div>\n\t\t\t<\/div>\n\t\t\t\t\t<\/div>\n\t\t","protected":false},"excerpt":{"rendered":"<p>Questions-r\u00e9ponses Qu&rsquo;est-ce qu&rsquo;on sous-entend par \u00ab\u00a0carburant durable\u00a0\u00bb? En g\u00e9n\u00e9ral, l&rsquo;industrie de l&rsquo;aviation utilise le terme pour d\u00e9signer un carbur\u00e9acteur d\u00e9riv\u00e9 d&rsquo;une source [&hellip;]<\/p>\n","protected":false},"author":5,"featured_media":0,"parent":0,"menu_order":0,"comment_status":"closed","ping_status":"closed","template":"elementor_header_footer","meta":{"inline_featured_image":false,"om_disable_all_campaigns":false,"_mi_skip_tracking":false,"_exactmetrics_sitenote_active":false,"_exactmetrics_sitenote_note":"","_exactmetrics_sitenote_category":0,"_monsterinsights_skip_tracking":false,"_monsterinsights_sitenote_active":false,"_monsterinsights_sitenote_note":"","_monsterinsights_sitenote_category":0,"footnotes":""},"class_list":["post-94","page","type-page","status-publish","hentry"],"aioseo_notices":[],"_links":{"self":[{"href":"https:\/\/safplusconsortium.com\/fr\/wp-json\/wp\/v2\/pages\/94","targetHints":{"allow":["GET"]}}],"collection":[{"href":"https:\/\/safplusconsortium.com\/fr\/wp-json\/wp\/v2\/pages"}],"about":[{"href":"https:\/\/safplusconsortium.com\/fr\/wp-json\/wp\/v2\/types\/page"}],"author":[{"embeddable":true,"href":"https:\/\/safplusconsortium.com\/fr\/wp-json\/wp\/v2\/users\/5"}],"replies":[{"embeddable":true,"href":"https:\/\/safplusconsortium.com\/fr\/wp-json\/wp\/v2\/comments?post=94"}],"version-history":[{"count":25,"href":"https:\/\/safplusconsortium.com\/fr\/wp-json\/wp\/v2\/pages\/94\/revisions"}],"predecessor-version":[{"id":1312,"href":"https:\/\/safplusconsortium.com\/fr\/wp-json\/wp\/v2\/pages\/94\/revisions\/1312"}],"wp:attachment":[{"href":"https:\/\/safplusconsortium.com\/fr\/wp-json\/wp\/v2\/media?parent=94"}],"curies":[{"name":"wp","href":"https:\/\/api.w.org\/{rel}","templated":true}]}}