{"id":1970,"date":"2023-10-06T06:37:53","date_gmt":"2023-10-06T06:37:53","guid":{"rendered":"https:\/\/safplusconsortium.com\/fr\/?page_id=1970"},"modified":"2024-05-03T18:18:04","modified_gmt":"2024-05-03T18:18:04","slug":"keith-lawless","status":"publish","type":"page","link":"https:\/\/safplusconsortium.com\/fr\/a-propos\/keith-lawless\/","title":{"rendered":"KEITH LAWLESS"},"content":{"rendered":"\t\t<div data-elementor-type=\"wp-page\" data-elementor-id=\"1970\" class=\"elementor elementor-1970\" data-elementor-post-type=\"page\">\n\t\t\t\t\t\t<div class=\"elementor-inner\">\n\t\t\t\t<div class=\"elementor-section-wrap\">\n\t\t\t\t\t\t\t\t\t<section class=\"elementor-section elementor-top-section elementor-element elementor-element-d206610 elementor-section-boxed elementor-section-height-default elementor-section-height-default\" data-id=\"d206610\" data-element_type=\"section\" data-settings=\"{&quot;background_background&quot;:&quot;classic&quot;}\">\n\t\t\t\t\t\t\t<div class=\"elementor-background-overlay\"><\/div>\n\t\t\t\t\t\t\t<div class=\"elementor-container elementor-column-gap-default\">\n\t\t\t\t\t\t\t<div class=\"elementor-row\">\n\t\t\t\t\t<div class=\"elementor-column elementor-col-100 elementor-top-column elementor-element elementor-element-b18aa3b\" data-id=\"b18aa3b\" data-element_type=\"column\">\n\t\t\t<div class=\"elementor-column-wrap elementor-element-populated\">\n\t\t\t\t\t\t\t<div class=\"elementor-widget-wrap\">\n\t\t\t\t\t\t<section class=\"elementor-section elementor-inner-section elementor-element elementor-element-ef40c91 elementor-section-boxed elementor-section-height-default elementor-section-height-default\" data-id=\"ef40c91\" data-element_type=\"section\">\n\t\t\t\t\t\t<div class=\"elementor-container elementor-column-gap-default\">\n\t\t\t\t\t\t\t<div class=\"elementor-row\">\n\t\t\t\t\t<div class=\"elementor-column elementor-col-50 elementor-inner-column elementor-element elementor-element-5a9c820\" data-id=\"5a9c820\" data-element_type=\"column\">\n\t\t\t<div class=\"elementor-column-wrap elementor-element-populated\">\n\t\t\t\t\t\t\t<div class=\"elementor-widget-wrap\">\n\t\t\t\t\t\t<div class=\"elementor-element elementor-element-88cdc67 elementor-widget elementor-widget-image\" data-id=\"88cdc67\" data-element_type=\"widget\" data-widget_type=\"image.default\">\n\t\t\t\t<div class=\"elementor-widget-container\">\n\t\t\t\t\t\t\t\t<div class=\"elementor-image\">\n\t\t\t\t\t\t\t\t\t\t\t\t<img loading=\"lazy\" decoding=\"async\" width=\"749\" height=\"1127\" src=\"https:\/\/safplusconsortium.com\/fr\/wp-content\/uploads\/sites\/2\/2023\/10\/Keith-Lawless.png\" class=\"attachment-full size-full wp-image-1953\" alt=\"\" srcset=\"https:\/\/safplusconsortium.com\/fr\/wp-content\/uploads\/sites\/2\/2023\/10\/Keith-Lawless.png 749w, https:\/\/safplusconsortium.com\/fr\/wp-content\/uploads\/sites\/2\/2023\/10\/Keith-Lawless-199x300.png 199w, https:\/\/safplusconsortium.com\/fr\/wp-content\/uploads\/sites\/2\/2023\/10\/Keith-Lawless-681x1024.png 681w, https:\/\/safplusconsortium.com\/fr\/wp-content\/uploads\/sites\/2\/2023\/10\/Keith-Lawless-230x346.png 230w, https:\/\/safplusconsortium.com\/fr\/wp-content\/uploads\/sites\/2\/2023\/10\/Keith-Lawless-350x527.png 350w, https:\/\/safplusconsortium.com\/fr\/wp-content\/uploads\/sites\/2\/2023\/10\/Keith-Lawless-480x722.png 480w\" sizes=\"auto, (max-width: 749px) 100vw, 749px\" \/>\t\t\t\t\t\t\t\t\t\t\t\t\t\t<\/div>\n\t\t\t\t\t\t<\/div>\n\t\t\t\t<\/div>\n\t\t\t\t\t\t<\/div>\n\t\t\t\t\t<\/div>\n\t\t<\/div>\n\t\t\t\t<div class=\"elementor-column elementor-col-50 elementor-inner-column elementor-element elementor-element-3d59dbd\" data-id=\"3d59dbd\" data-element_type=\"column\">\n\t\t\t<div class=\"elementor-column-wrap elementor-element-populated\">\n\t\t\t\t\t\t\t<div class=\"elementor-widget-wrap\">\n\t\t\t\t\t\t<div class=\"elementor-element elementor-element-0ae7c57 animated-slow elementor-invisible elementor-widget elementor-widget-heading\" data-id=\"0ae7c57\" data-element_type=\"widget\" data-settings=\"{&quot;_animation&quot;:&quot;fadeIn&quot;,&quot;_animation_delay&quot;:200}\" data-widget_type=\"heading.default\">\n\t\t\t\t<div class=\"elementor-widget-container\">\n\t\t\t<h3 class=\"elementor-heading-title elementor-size-default\">KEITH LAWLESS<\/h3>\t\t<\/div>\n\t\t\t\t<\/div>\n\t\t\t\t<div class=\"elementor-element elementor-element-2b8f163 elementor-widget elementor-widget-text-editor\" data-id=\"2b8f163\" data-element_type=\"widget\" data-widget_type=\"text-editor.default\">\n\t\t\t\t<div class=\"elementor-widget-container\">\n\t\t\t\t\t\t\t\t<div class=\"elementor-text-editor elementor-clearfix\">\n\t\t\t\t<p><span dir=\"ltr\">CHEF DU D\u00c9VELOPPEMENT COMMERCIAL<\/span><br><\/p>\t\t\t\t\t<\/div>\n\t\t\t\t\t\t<\/div>\n\t\t\t\t<\/div>\n\t\t\t\t\t\t<\/div>\n\t\t\t\t\t<\/div>\n\t\t<\/div>\n\t\t\t\t\t\t\t\t<\/div>\n\t\t\t\t\t<\/div>\n\t\t<\/section>\n\t\t\t\t<section class=\"elementor-section elementor-inner-section elementor-element elementor-element-13498e6 elementor-section-boxed elementor-section-height-default elementor-section-height-default\" data-id=\"13498e6\" data-element_type=\"section\">\n\t\t\t\t\t\t<div class=\"elementor-container elementor-column-gap-default\">\n\t\t\t\t\t\t\t<div class=\"elementor-row\">\n\t\t\t\t\t<div class=\"elementor-column elementor-col-100 elementor-inner-column elementor-element elementor-element-d9f7a5c\" data-id=\"d9f7a5c\" data-element_type=\"column\">\n\t\t\t<div class=\"elementor-column-wrap elementor-element-populated\">\n\t\t\t\t\t\t\t<div class=\"elementor-widget-wrap\">\n\t\t\t\t\t\t<div class=\"elementor-element elementor-element-2ca425c elementor-widget elementor-widget-text-editor\" data-id=\"2ca425c\" data-element_type=\"widget\" data-widget_type=\"text-editor.default\">\n\t\t\t\t<div class=\"elementor-widget-container\">\n\t\t\t\t\t\t\t\t<div class=\"elementor-text-editor elementor-clearfix\">\n\t\t\t\tKeith a rejoint SAF+ en 2022 apr\u00e8s avoir travaill\u00e9 pendant 21 ans pour une compagnie a\u00e9rienne, o\u00f9 il a occup\u00e9 des postes de direction dans plusieurs d\u00e9partements. Il a cr\u00e9\u00e9 et dirig\u00e9 le d\u00e9partement de d\u00e9veloppement durable de la compagnie a\u00e9rienne, qui a \u00e9t\u00e9 prim\u00e9, et a contribu\u00e9 au lancement des premi\u00e8res industries de recyclage d\u2019a\u00e9ronefs et d\u2019e-SAF au Qu\u00e9bec. Auparavant, Keith a travaill\u00e9 comme directeur d\u2019usine dans la fabrication de pi\u00e8ces automobiles, comme consultant en gestion des op\u00e9rations et comme ing\u00e9nieur de recherche et de proc\u00e9d\u00e9s. Il a travaill\u00e9 en Australie, en Europe, en Afrique, aux \u00c9tats-Unis, en Colombie-Britannique, en Ontario et au Qu\u00e9bec. \t\t\t\t\t<\/div>\n\t\t\t\t\t\t<\/div>\n\t\t\t\t<\/div>\n\t\t\t\t<div class=\"elementor-element elementor-element-12c69fc elementor-widget elementor-widget-text-editor\" data-id=\"12c69fc\" data-element_type=\"widget\" data-widget_type=\"text-editor.default\">\n\t\t\t\t<div class=\"elementor-widget-container\">\n\t\t\t\t\t\t\t\t<div class=\"elementor-text-editor elementor-clearfix\">\n\t\t\t\tKeith est titulaire d\u2019un dipl\u00f4me d\u2019ing\u00e9nieur m\u00e9tallurgiste de l\u2019Universit\u00e9 McGill, d\u2019un MBA de McGill\/Universit\u00e9 Catholique de Louvain (Belgique) et d\u2019un certificat en Business Leadership Development de l\u2019Universit\u00e9 Christ Church d\u2019Oxford (Royaume-Uni). Keith a re\u00e7u le prix Clean50 en 2021, d\u00e9cern\u00e9 aux cinquante meilleurs leaders en mati\u00e8re de d\u00e9veloppement durable au Canada.\t\t\t\t\t<\/div>\n\t\t\t\t\t\t<\/div>\n\t\t\t\t<\/div>\n\t\t\t\t\t\t<\/div>\n\t\t\t\t\t<\/div>\n\t\t<\/div>\n\t\t\t\t\t\t\t\t<\/div>\n\t\t\t\t\t<\/div>\n\t\t<\/section>\n\t\t\t\t\t\t<\/div>\n\t\t\t\t\t<\/div>\n\t\t<\/div>\n\t\t\t\t\t\t\t\t<\/div>\n\t\t\t\t\t<\/div>\n\t\t<\/section>\n\t\t\t\t\t\t\t\t\t<\/div>\n\t\t\t<\/div>\n\t\t\t\t\t<\/div>\n\t\t","protected":false},"excerpt":{"rendered":"<p>KEITH LAWLESS CHEF DU D\u00c9VELOPPEMENT COMMERCIAL Keith a rejoint SAF+ en 2022 apr\u00e8s avoir travaill\u00e9 pendant 21 ans pour une compagnie a\u00e9rienne, [&hellip;]<\/p>\n","protected":false},"author":7,"featured_media":0,"parent":1546,"menu_order":0,"comment_status":"closed","ping_status":"closed","template":"elementor_header_footer","meta":{"inline_featured_image":false,"om_disable_all_campaigns":false,"_mi_skip_tracking":false,"_exactmetrics_sitenote_active":false,"_exactmetrics_sitenote_note":"","_exactmetrics_sitenote_category":0,"_monsterinsights_skip_tracking":false,"_monsterinsights_sitenote_active":false,"_monsterinsights_sitenote_note":"","_monsterinsights_sitenote_category":0,"footnotes":""},"class_list":["post-1970","page","type-page","status-publish","hentry"],"aioseo_notices":[],"_links":{"self":[{"href":"https:\/\/safplusconsortium.com\/fr\/wp-json\/wp\/v2\/pages\/1970","targetHints":{"allow":["GET"]}}],"collection":[{"href":"https:\/\/safplusconsortium.com\/fr\/wp-json\/wp\/v2\/pages"}],"about":[{"href":"https:\/\/safplusconsortium.com\/fr\/wp-json\/wp\/v2\/types\/page"}],"author":[{"embeddable":true,"href":"https:\/\/safplusconsortium.com\/fr\/wp-json\/wp\/v2\/users\/7"}],"replies":[{"embeddable":true,"href":"https:\/\/safplusconsortium.com\/fr\/wp-json\/wp\/v2\/comments?post=1970"}],"version-history":[{"count":10,"href":"https:\/\/safplusconsortium.com\/fr\/wp-json\/wp\/v2\/pages\/1970\/revisions"}],"predecessor-version":[{"id":2804,"href":"https:\/\/safplusconsortium.com\/fr\/wp-json\/wp\/v2\/pages\/1970\/revisions\/2804"}],"up":[{"embeddable":true,"href":"https:\/\/safplusconsortium.com\/fr\/wp-json\/wp\/v2\/pages\/1546"}],"wp:attachment":[{"href":"https:\/\/safplusconsortium.com\/fr\/wp-json\/wp\/v2\/media?parent=1970"}],"curies":[{"name":"wp","href":"https:\/\/api.w.org\/{rel}","templated":true}]}}